{"id":17,"date":"2023-04-22T01:36:54","date_gmt":"2023-04-21T23:36:54","guid":{"rendered":"https:\/\/xn--z-nga.com\/?page_id=17"},"modified":"2023-04-22T02:00:06","modified_gmt":"2023-04-22T00:00:06","slug":"accueil","status":"publish","type":"page","link":"https:\/\/xn--z-nga.com\/","title":{"rendered":"Accueil"},"content":{"rendered":"\n<h3 class=\"wp-block-heading\"><a href=\"https:\/\/xn--z-nga.com\/?p=1\">Welcome !<\/a><\/h3>\n\n\n\n<p>Bienvenue dans l\u2019univers de Z\u00ef. Artiste urbain multi supports, Z\u00ef vous propose des exp\u00e9riences visuelles et musicales. D\u00e9couvrez toutes les facettes de Z\u00ef\u2026.<\/p>\n","protected":false},"excerpt":{"rendered":"<p>Welcome ! Bienvenue dans l\u2019univers de Z\u00ef. Artiste urbain multi supports, Z\u00ef vous propose des exp\u00e9riences visuelles et musicales. D\u00e9couvrez toutes les facettes de Z\u00ef\u2026.<\/p>\n","protected":false},"author":1,"featured_media":0,"parent":0,"menu_order":0,"comment_status":"closed","ping_status":"closed","template":"","meta":{"footnotes":""},"class_list":["post-17","page","type-page","status-publish","hentry"],"_links":{"self":[{"href":"https:\/\/xn--z-nga.com\/index.php?rest_route=\/wp\/v2\/pages\/17","targetHints":{"allow":["GET"]}}],"collection":[{"href":"https:\/\/xn--z-nga.com\/index.php?rest_route=\/wp\/v2\/pages"}],"about":[{"href":"https:\/\/xn--z-nga.com\/index.php?rest_route=\/wp\/v2\/types\/page"}],"author":[{"embeddable":true,"href":"https:\/\/xn--z-nga.com\/index.php?rest_route=\/wp\/v2\/users\/1"}],"replies":[{"embeddable":true,"href":"https:\/\/xn--z-nga.com\/index.php?rest_route=%2Fwp%2Fv2%2Fcomments&post=17"}],"version-history":[{"count":3,"href":"https:\/\/xn--z-nga.com\/index.php?rest_route=\/wp\/v2\/pages\/17\/revisions"}],"predecessor-version":[{"id":52,"href":"https:\/\/xn--z-nga.com\/index.php?rest_route=\/wp\/v2\/pages\/17\/revisions\/52"}],"wp:attachment":[{"href":"https:\/\/xn--z-nga.com\/index.php?rest_route=%2Fwp%2Fv2%2Fmedia&parent=17"}],"curies":[{"name":"wp","href":"https:\/\/api.w.org\/{rel}","templated":true}]}}