{"id":18,"date":"2023-04-22T01:36:54","date_gmt":"2023-04-21T23:36:54","guid":{"rendered":"https:\/\/xn--z-nga.com\/?page_id=18"},"modified":"2023-04-22T02:11:21","modified_gmt":"2023-04-22T00:11:21","slug":"a-propos-de","status":"publish","type":"page","link":"https:\/\/xn--z-nga.com\/?page_id=18","title":{"rendered":"\u00c0 propos de"},"content":{"rendered":"\n<h3 class=\"wp-block-heading\"><a href=\"https:\/\/xn--z-nga.com\/?p=1\">Welcome !<\/a><\/h3>\n\n\n\n<p>Bienvenue dans l\u2019univers de Z\u00ef. Artiste urbain multi support, Z\u00ef vous propose des exp\u00e9riences visuelles et musicales. D\u00e9couvrez toutes les facettes de Z\u00ef\u2026.<\/p>\n\n\n\n<figure class=\"wp-block-image size-large\"><img loading=\"lazy\" decoding=\"async\" width=\"1024\" height=\"246\" src=\"https:\/\/xn--z-nga.com\/wp-content\/uploads\/2023\/04\/Banniere-Zi-grande-1024x246.jpg\" alt=\"Z\u00ef\" class=\"wp-image-57\" srcset=\"https:\/\/xn--z-nga.com\/wp-content\/uploads\/2023\/04\/Banniere-Zi-grande-1024x246.jpg 1024w, https:\/\/xn--z-nga.com\/wp-content\/uploads\/2023\/04\/Banniere-Zi-grande-300x72.jpg 300w, https:\/\/xn--z-nga.com\/wp-content\/uploads\/2023\/04\/Banniere-Zi-grande-768x185.jpg 768w, https:\/\/xn--z-nga.com\/wp-content\/uploads\/2023\/04\/Banniere-Zi-grande-1536x369.jpg 1536w, https:\/\/xn--z-nga.com\/wp-content\/uploads\/2023\/04\/Banniere-Zi-grande-2048x492.jpg 2048w\" sizes=\"auto, (max-width: 767px) 89vw, (max-width: 1000px) 54vw, (max-width: 1071px) 543px, 580px\" \/><figcaption class=\"wp-element-caption\">Z\u00ef<\/figcaption><\/figure>\n","protected":false},"excerpt":{"rendered":"<p>Welcome ! Bienvenue dans l\u2019univers de Z\u00ef. Artiste urbain multi support, Z\u00ef vous propose des exp\u00e9riences visuelles et musicales. D\u00e9couvrez toutes les facettes de Z\u00ef\u2026.<\/p>\n","protected":false},"author":1,"featured_media":0,"parent":0,"menu_order":0,"comment_status":"closed","ping_status":"closed","template":"","meta":{"footnotes":""},"class_list":["post-18","page","type-page","status-publish","hentry"],"_links":{"self":[{"href":"https:\/\/xn--z-nga.com\/index.php?rest_route=\/wp\/v2\/pages\/18","targetHints":{"allow":["GET"]}}],"collection":[{"href":"https:\/\/xn--z-nga.com\/index.php?rest_route=\/wp\/v2\/pages"}],"about":[{"href":"https:\/\/xn--z-nga.com\/index.php?rest_route=\/wp\/v2\/types\/page"}],"author":[{"embeddable":true,"href":"https:\/\/xn--z-nga.com\/index.php?rest_route=\/wp\/v2\/users\/1"}],"replies":[{"embeddable":true,"href":"https:\/\/xn--z-nga.com\/index.php?rest_route=%2Fwp%2Fv2%2Fcomments&post=18"}],"version-history":[{"count":3,"href":"https:\/\/xn--z-nga.com\/index.php?rest_route=\/wp\/v2\/pages\/18\/revisions"}],"predecessor-version":[{"id":59,"href":"https:\/\/xn--z-nga.com\/index.php?rest_route=\/wp\/v2\/pages\/18\/revisions\/59"}],"wp:attachment":[{"href":"https:\/\/xn--z-nga.com\/index.php?rest_route=%2Fwp%2Fv2%2Fmedia&parent=18"}],"curies":[{"name":"wp","href":"https:\/\/api.w.org\/{rel}","templated":true}]}}